{"id":165,"date":"2021-01-23T14:19:57","date_gmt":"2021-01-23T13:19:57","guid":{"rendered":"https:\/\/mariephotosgalerie.com\/?page_id=165"},"modified":"2025-04-17T17:33:41","modified_gmt":"2025-04-17T16:33:41","slug":"accueil-presentation","status":"publish","type":"page","link":"https:\/\/mariephotosgalerie.com\/?page_id=165","title":{"rendered":"Accueil"},"content":{"rendered":"\n<p class=\"has-text-align-center has-medium-font-size\"><strong>\u00c9loge de la lumi\u00e8re et du r\u00eave<\/strong><\/p>\n\n\n\n<p>La lumi\u00e8re est une mati\u00e8re premi\u00e8re, une essence presque impalpable qui fa\u00e7onne le monde et r\u00e9v\u00e8le l\u2019invisible. Elle joue, danse, glisse sur les surfaces, transforme la perception et cr\u00e9e des reflets qui invitent \u00e0 la contemplation. Mon travail photographique explore cette magie lumineuse en la m\u00ealant aux mati\u00e8res et aux textures, en superposant les instants pour faire surgir un univers o\u00f9 le r\u00e9el se trouble et bascule vers l\u2019enchantement.<\/p>\n\n\n\n<p>Chaque image est une invitation \u00e0 la r\u00eaverie, une porte ouverte sur l\u2019onirisme, o\u00f9 les ombres et les \u00e9clats dialoguent dans une harmonie subtile. Les formes s\u2019effacent, les couleurs s\u2019intensifient, et les reflets deviennent des fen\u00eatres vers d\u2019autres mondes. Par le jeu des superpositions et des transparences, je cherche \u00e0 capter cet \u00e9tat de flottement, cette sensation d\u2019\u00e9vasion qui invite \u00e0 voir autrement.<\/p>\n\n\n\n<p>Au-del\u00e0 de l\u2019esth\u00e9tique, mon travail interroge notre lien avec la nature, ses mutations et son avenir. L\u2019\u00e9cologie est au c\u0153ur de ma d\u00e9marche, non comme un manifeste, mais comme une r\u00e9flexion visuelle sur la fragilit\u00e9 et la beaut\u00e9 du vivant. Les \u00e9l\u00e9ments naturels\u2014l\u2019eau, le ciel, la v\u00e9g\u00e9tation\u2014se fondent dans l\u2019image, m\u00ealant r\u00e9alit\u00e9 et illusion, rappelant que tout est interconnect\u00e9.<\/p>\n\n\n\n<p>Cette recherche de bien-\u00eatre \u00e0 travers l\u2019image est aussi une c\u00e9l\u00e9bration des sensations et de l\u2019\u00e9motion pure. En r\u00e9enchantant le regard, en cr\u00e9ant un espace de contemplation et de s\u00e9r\u00e9nit\u00e9, j\u2019esp\u00e8re offrir au spectateur un instant suspendu, un souffle de po\u00e9sie qui \u00e9veille l\u2019imagination et ouvre une br\u00e8che vers l\u2019inattendu.<\/p>\n\n\n\n<p>Mon approche est une proposition : celle de ralentir, de plonger dans les couleurs et les jeux de lumi\u00e8re, de se laisser porter par l\u2019\u00e9trange et le merveilleux. \u00c0 travers ces univers visuels, je sugg\u00e8re plus que je ne montre, j\u2019invite \u00e0 ressentir plut\u00f4t qu\u2019\u00e0 d\u00e9crire, \u00e0 explorer librement des mondes qui n\u2019appartiennent qu\u2019\u00e0 ceux qui veulent bien les r\u00eaver.<\/p>\n\n\n\n<p>Marie Jeanne D.<\/p>\n\n\n\n<p>Et rendez-vous sur ma page Facebook (lien en page contact)<\/p>\n","protected":false},"excerpt":{"rendered":"<p>\u00c9loge de la lumi\u00e8re et du r\u00eave La lumi\u00e8re est une mati\u00e8re premi\u00e8re, une essence presque impalpable qui fa\u00e7onne le monde et r\u00e9v\u00e8le l\u2019invisible. Elle&hellip; <\/p>\n","protected":false},"author":1,"featured_media":0,"parent":0,"menu_order":0,"comment_status":"closed","ping_status":"closed","template":"","meta":{"footnotes":""},"class_list":["post-165","page","type-page","status-publish","hentry"],"yoast_head":"<!-- This site is optimized with the Yoast SEO plugin v27.3 - https:\/\/yoast.com\/product\/yoast-seo-wordpress\/ -->\n<title>Accueil - mariephotosgalerie %<\/title>\n<meta name=\"description\" content=\"Au-del\u00e0 de l\u2019esth\u00e9tique, mon travail interroge notre lien avec la nature, ses mutations et son avenir. L\u2019\u00e9cologie est au c\u0153ur de ma d\u00e9marche, non comme un manifeste, mais comme une r\u00e9flexion visuelle sur la fragilit\u00e9 et la beaut\u00e9 du vivant. Les \u00e9l\u00e9ments naturels\u2014l\u2019eau, le ciel, la v\u00e9g\u00e9tation\u2014se fondent dans l\u2019image, m\u00ealant r\u00e9alit\u00e9 et illusion, rappelant que tout est interconnect\u00e9.\" \/>\n<meta name=\"robots\" content=\"index, follow, max-snippet:-1, max-image-preview:large, max-video-preview:-1\" \/>\n<link rel=\"canonical\" href=\"https:\/\/mariephotosgalerie.com\/?page_id=165\" \/>\n<meta property=\"og:locale\" content=\"fr_FR\" \/>\n<meta property=\"og:type\" content=\"article\" \/>\n<meta property=\"og:title\" content=\"Accueil - mariephotosgalerie %\" \/>\n<meta property=\"og:description\" content=\"Au-del\u00e0 de l\u2019esth\u00e9tique, mon travail interroge notre lien avec la nature, ses mutations et son avenir. L\u2019\u00e9cologie est au c\u0153ur de ma d\u00e9marche, non comme un manifeste, mais comme une r\u00e9flexion visuelle sur la fragilit\u00e9 et la beaut\u00e9 du vivant. Les \u00e9l\u00e9ments naturels\u2014l\u2019eau, le ciel, la v\u00e9g\u00e9tation\u2014se fondent dans l\u2019image, m\u00ealant r\u00e9alit\u00e9 et illusion, rappelant que tout est interconnect\u00e9.\" \/>\n<meta property=\"og:url\" content=\"https:\/\/mariephotosgalerie.com\/?page_id=165\" \/>\n<meta property=\"og:site_name\" content=\"mariephotosgalerie\" \/>\n<meta property=\"article:publisher\" content=\"https:\/\/www.facebook.com\/MariePhotosGalerie-1555131528071201\" \/>\n<meta property=\"article:modified_time\" content=\"2025-04-17T16:33:41+00:00\" \/>\n<meta name=\"twitter:card\" content=\"summary_large_image\" \/>\n<meta name=\"twitter:label1\" content=\"Dur\u00e9e de lecture estim\u00e9e\" \/>\n\t<meta name=\"twitter:data1\" content=\"2 minutes\" \/>\n<script type=\"application\/ld+json\" class=\"yoast-schema-graph\">{\"@context\":\"https:\\\/\\\/schema.org\",\"@graph\":[{\"@type\":\"WebPage\",\"@id\":\"https:\\\/\\\/mariephotosgalerie.com\\\/?page_id=165\",\"url\":\"https:\\\/\\\/mariephotosgalerie.com\\\/?page_id=165\",\"name\":\"Accueil - mariephotosgalerie %\",\"isPartOf\":{\"@id\":\"https:\\\/\\\/mariephotosgalerie.com\\\/#website\"},\"datePublished\":\"2021-01-23T13:19:57+00:00\",\"dateModified\":\"2025-04-17T16:33:41+00:00\",\"description\":\"Au-del\u00e0 de l\u2019esth\u00e9tique, mon travail interroge notre lien avec la nature, ses mutations et son avenir. L\u2019\u00e9cologie est au c\u0153ur de ma d\u00e9marche, non comme un manifeste, mais comme une r\u00e9flexion visuelle sur la fragilit\u00e9 et la beaut\u00e9 du vivant. Les \u00e9l\u00e9ments naturels\u2014l\u2019eau, le ciel, la v\u00e9g\u00e9tation\u2014se fondent dans l\u2019image, m\u00ealant r\u00e9alit\u00e9 et illusion, rappelant que tout est interconnect\u00e9.\",\"breadcrumb\":{\"@id\":\"https:\\\/\\\/mariephotosgalerie.com\\\/?page_id=165#breadcrumb\"},\"inLanguage\":\"fr-FR\",\"potentialAction\":[{\"@type\":\"ReadAction\",\"target\":[\"https:\\\/\\\/mariephotosgalerie.com\\\/?page_id=165\"]}]},{\"@type\":\"BreadcrumbList\",\"@id\":\"https:\\\/\\\/mariephotosgalerie.com\\\/?page_id=165#breadcrumb\",\"itemListElement\":[{\"@type\":\"ListItem\",\"position\":1,\"name\":\"Home\",\"item\":\"https:\\\/\\\/mariephotosgalerie.com\\\/\"},{\"@type\":\"ListItem\",\"position\":2,\"name\":\"Accueil\"}]},{\"@type\":\"WebSite\",\"@id\":\"https:\\\/\\\/mariephotosgalerie.com\\\/#website\",\"url\":\"https:\\\/\\\/mariephotosgalerie.com\\\/\",\"name\":\"mariephotosgalerie\",\"description\":\"Ma passion la photo\",\"publisher\":{\"@id\":\"https:\\\/\\\/mariephotosgalerie.com\\\/#organization\"},\"potentialAction\":[{\"@type\":\"SearchAction\",\"target\":{\"@type\":\"EntryPoint\",\"urlTemplate\":\"https:\\\/\\\/mariephotosgalerie.com\\\/?s={search_term_string}\"},\"query-input\":{\"@type\":\"PropertyValueSpecification\",\"valueRequired\":true,\"valueName\":\"search_term_string\"}}],\"inLanguage\":\"fr-FR\"},{\"@type\":\"Organization\",\"@id\":\"https:\\\/\\\/mariephotosgalerie.com\\\/#organization\",\"name\":\"mariephotosgalerie\",\"url\":\"https:\\\/\\\/mariephotosgalerie.com\\\/\",\"logo\":{\"@type\":\"ImageObject\",\"inLanguage\":\"fr-FR\",\"@id\":\"https:\\\/\\\/mariephotosgalerie.com\\\/#\\\/schema\\\/logo\\\/image\\\/\",\"url\":\"https:\\\/\\\/mariephotosgalerie.com\\\/wp-content\\\/uploads\\\/2021\\\/02\\\/a15-copie-1024x1024.jpg\",\"contentUrl\":\"https:\\\/\\\/mariephotosgalerie.com\\\/wp-content\\\/uploads\\\/2021\\\/02\\\/a15-copie-1024x1024.jpg\",\"width\":1024,\"height\":1024,\"caption\":\"mariephotosgalerie\"},\"image\":{\"@id\":\"https:\\\/\\\/mariephotosgalerie.com\\\/#\\\/schema\\\/logo\\\/image\\\/\"},\"sameAs\":[\"https:\\\/\\\/www.facebook.com\\\/MariePhotosGalerie-1555131528071201\"]}]}<\/script>\n<!-- \/ Yoast SEO plugin. -->","yoast_head_json":{"title":"Accueil - mariephotosgalerie %","description":"Au-del\u00e0 de l\u2019esth\u00e9tique, mon travail interroge notre lien avec la nature, ses mutations et son avenir. L\u2019\u00e9cologie est au c\u0153ur de ma d\u00e9marche, non comme un manifeste, mais comme une r\u00e9flexion visuelle sur la fragilit\u00e9 et la beaut\u00e9 du vivant. Les \u00e9l\u00e9ments naturels\u2014l\u2019eau, le ciel, la v\u00e9g\u00e9tation\u2014se fondent dans l\u2019image, m\u00ealant r\u00e9alit\u00e9 et illusion, rappelant que tout est interconnect\u00e9.","robots":{"index":"index","follow":"follow","max-snippet":"max-snippet:-1","max-image-preview":"max-image-preview:large","max-video-preview":"max-video-preview:-1"},"canonical":"https:\/\/mariephotosgalerie.com\/?page_id=165","og_locale":"fr_FR","og_type":"article","og_title":"Accueil - mariephotosgalerie %","og_description":"Au-del\u00e0 de l\u2019esth\u00e9tique, mon travail interroge notre lien avec la nature, ses mutations et son avenir. L\u2019\u00e9cologie est au c\u0153ur de ma d\u00e9marche, non comme un manifeste, mais comme une r\u00e9flexion visuelle sur la fragilit\u00e9 et la beaut\u00e9 du vivant. Les \u00e9l\u00e9ments naturels\u2014l\u2019eau, le ciel, la v\u00e9g\u00e9tation\u2014se fondent dans l\u2019image, m\u00ealant r\u00e9alit\u00e9 et illusion, rappelant que tout est interconnect\u00e9.","og_url":"https:\/\/mariephotosgalerie.com\/?page_id=165","og_site_name":"mariephotosgalerie","article_publisher":"https:\/\/www.facebook.com\/MariePhotosGalerie-1555131528071201","article_modified_time":"2025-04-17T16:33:41+00:00","twitter_card":"summary_large_image","twitter_misc":{"Dur\u00e9e de lecture estim\u00e9e":"2 minutes"},"schema":{"@context":"https:\/\/schema.org","@graph":[{"@type":"WebPage","@id":"https:\/\/mariephotosgalerie.com\/?page_id=165","url":"https:\/\/mariephotosgalerie.com\/?page_id=165","name":"Accueil - mariephotosgalerie %","isPartOf":{"@id":"https:\/\/mariephotosgalerie.com\/#website"},"datePublished":"2021-01-23T13:19:57+00:00","dateModified":"2025-04-17T16:33:41+00:00","description":"Au-del\u00e0 de l\u2019esth\u00e9tique, mon travail interroge notre lien avec la nature, ses mutations et son avenir. L\u2019\u00e9cologie est au c\u0153ur de ma d\u00e9marche, non comme un manifeste, mais comme une r\u00e9flexion visuelle sur la fragilit\u00e9 et la beaut\u00e9 du vivant. Les \u00e9l\u00e9ments naturels\u2014l\u2019eau, le ciel, la v\u00e9g\u00e9tation\u2014se fondent dans l\u2019image, m\u00ealant r\u00e9alit\u00e9 et illusion, rappelant que tout est interconnect\u00e9.","breadcrumb":{"@id":"https:\/\/mariephotosgalerie.com\/?page_id=165#breadcrumb"},"inLanguage":"fr-FR","potentialAction":[{"@type":"ReadAction","target":["https:\/\/mariephotosgalerie.com\/?page_id=165"]}]},{"@type":"BreadcrumbList","@id":"https:\/\/mariephotosgalerie.com\/?page_id=165#breadcrumb","itemListElement":[{"@type":"ListItem","position":1,"name":"Home","item":"https:\/\/mariephotosgalerie.com\/"},{"@type":"ListItem","position":2,"name":"Accueil"}]},{"@type":"WebSite","@id":"https:\/\/mariephotosgalerie.com\/#website","url":"https:\/\/mariephotosgalerie.com\/","name":"mariephotosgalerie","description":"Ma passion la photo","publisher":{"@id":"https:\/\/mariephotosgalerie.com\/#organization"},"potentialAction":[{"@type":"SearchAction","target":{"@type":"EntryPoint","urlTemplate":"https:\/\/mariephotosgalerie.com\/?s={search_term_string}"},"query-input":{"@type":"PropertyValueSpecification","valueRequired":true,"valueName":"search_term_string"}}],"inLanguage":"fr-FR"},{"@type":"Organization","@id":"https:\/\/mariephotosgalerie.com\/#organization","name":"mariephotosgalerie","url":"https:\/\/mariephotosgalerie.com\/","logo":{"@type":"ImageObject","inLanguage":"fr-FR","@id":"https:\/\/mariephotosgalerie.com\/#\/schema\/logo\/image\/","url":"https:\/\/mariephotosgalerie.com\/wp-content\/uploads\/2021\/02\/a15-copie-1024x1024.jpg","contentUrl":"https:\/\/mariephotosgalerie.com\/wp-content\/uploads\/2021\/02\/a15-copie-1024x1024.jpg","width":1024,"height":1024,"caption":"mariephotosgalerie"},"image":{"@id":"https:\/\/mariephotosgalerie.com\/#\/schema\/logo\/image\/"},"sameAs":["https:\/\/www.facebook.com\/MariePhotosGalerie-1555131528071201"]}]}},"jetpack_sharing_enabled":true,"_links":{"self":[{"href":"https:\/\/mariephotosgalerie.com\/index.php?rest_route=\/wp\/v2\/pages\/165","targetHints":{"allow":["GET"]}}],"collection":[{"href":"https:\/\/mariephotosgalerie.com\/index.php?rest_route=\/wp\/v2\/pages"}],"about":[{"href":"https:\/\/mariephotosgalerie.com\/index.php?rest_route=\/wp\/v2\/types\/page"}],"author":[{"embeddable":true,"href":"https:\/\/mariephotosgalerie.com\/index.php?rest_route=\/wp\/v2\/users\/1"}],"replies":[{"embeddable":true,"href":"https:\/\/mariephotosgalerie.com\/index.php?rest_route=%2Fwp%2Fv2%2Fcomments&post=165"}],"version-history":[{"count":3,"href":"https:\/\/mariephotosgalerie.com\/index.php?rest_route=\/wp\/v2\/pages\/165\/revisions"}],"predecessor-version":[{"id":850,"href":"https:\/\/mariephotosgalerie.com\/index.php?rest_route=\/wp\/v2\/pages\/165\/revisions\/850"}],"wp:attachment":[{"href":"https:\/\/mariephotosgalerie.com\/index.php?rest_route=%2Fwp%2Fv2%2Fmedia&parent=165"}],"curies":[{"name":"wp","href":"https:\/\/api.w.org\/{rel}","templated":true}]}}