{"id":6,"date":"2018-04-25T09:15:50","date_gmt":"2018-04-25T09:15:50","guid":{"rendered":"http:\/\/demo.themefreesia.com\/photograph\/?page_id=6"},"modified":"2024-11-07T15:59:10","modified_gmt":"2024-11-07T14:59:10","slug":"home","status":"publish","type":"page","link":"https:\/\/mariephotosgalerie.com\/","title":{"rendered":"Home"},"content":{"rendered":"\n<div class=\"wp-block-group\"><div class=\"wp-block-group__inner-container is-layout-constrained wp-block-group-is-layout-constrained\"><\/div><\/div>\n\n\n\n<p>Marie Jeanne DORDONNAT est la propri\u00e9taire du site \u00ab\u00a0<em>MariePhotosGalerie.com<\/em>\u00ab\u00a0. <\/p>\n\n\n\n<p>SIRET 81079492500018<\/p>\n\n\n\n<p><br>Ce site pr\u00e9sente un \u00e9chantillon de mes recherches et travaux dans mon univers de la photographie.<\/p>\n\n\n\n<p><br>Ce site est h\u00e9berg\u00e9 par Wevox<br>3 rue de Franche Comt\u00e9<br>CS 50311<br>50103 Cherbourg-en-Cotentin<\/p>\n\n\n\n<p>Le site ne place pas de cookies et ne collecte pas de donn\u00e9es personnelles.<\/p>\n\n\n\n<p>Les photographies pr\u00e9sent\u00e9es ne sont pas libres de droit, en cons\u00e9quence elles ne peuvent \u00eatre copi\u00e9es ou reproduites, quelque que soit la technique utilis\u00e9e, sans accord pr\u00e9alable.<\/p>\n","protected":false},"excerpt":{"rendered":"<p>Marie Jeanne DORDONNAT est la propri\u00e9taire du site \u00ab\u00a0MariePhotosGalerie.com\u00ab\u00a0. SIRET 81079492500018 Ce site pr\u00e9sente un \u00e9chantillon de mes recherches et travaux dans mon univers de&hellip; <\/p>\n","protected":false},"author":1,"featured_media":711,"parent":0,"menu_order":0,"comment_status":"closed","ping_status":"closed","template":"page-templates\/photograph-template.php","meta":{"footnotes":""},"class_list":["post-6","page","type-page","status-publish","has-post-thumbnail","hentry"],"yoast_head":"<!-- This site is optimized with the Yoast SEO plugin v27.4 - https:\/\/yoast.com\/product\/yoast-seo-wordpress\/ -->\n<title>Home - mariephotosgalerie<\/title>\n<meta name=\"robots\" content=\"index, follow, max-snippet:-1, max-image-preview:large, max-video-preview:-1\" \/>\n<link rel=\"canonical\" href=\"https:\/\/mariephotosgalerie.com\/\" \/>\n<meta property=\"og:locale\" content=\"fr_FR\" \/>\n<meta property=\"og:type\" content=\"article\" \/>\n<meta property=\"og:title\" content=\"Home - mariephotosgalerie\" \/>\n<meta property=\"og:description\" content=\"Marie Jeanne DORDONNAT est la propri\u00e9taire du site \u00ab\u00a0MariePhotosGalerie.com\u00ab\u00a0. SIRET 81079492500018 Ce site pr\u00e9sente un \u00e9chantillon de mes recherches et travaux dans mon univers de&hellip;\" \/>\n<meta property=\"og:url\" content=\"https:\/\/mariephotosgalerie.com\/\" \/>\n<meta property=\"og:site_name\" content=\"mariephotosgalerie\" \/>\n<meta property=\"article:publisher\" content=\"https:\/\/www.facebook.com\/MariePhotosGalerie-1555131528071201\" \/>\n<meta property=\"article:modified_time\" content=\"2024-11-07T14:59:10+00:00\" \/>\n<meta property=\"og:image\" content=\"https:\/\/mariephotosgalerie.com\/wp-content\/uploads\/2024\/10\/Couleur-du-soir.jpg\" \/>\n\t<meta property=\"og:image:width\" content=\"850\" \/>\n\t<meta property=\"og:image:height\" content=\"850\" \/>\n\t<meta property=\"og:image:type\" content=\"image\/jpeg\" \/>\n<meta name=\"twitter:card\" content=\"summary_large_image\" \/>\n<meta name=\"twitter:label1\" content=\"Dur\u00e9e de lecture estim\u00e9e\" \/>\n\t<meta name=\"twitter:data1\" content=\"1 minute\" \/>\n<script type=\"application\/ld+json\" class=\"yoast-schema-graph\">{\"@context\":\"https:\\\/\\\/schema.org\",\"@graph\":[{\"@type\":\"WebPage\",\"@id\":\"https:\\\/\\\/mariephotosgalerie.com\\\/\",\"url\":\"https:\\\/\\\/mariephotosgalerie.com\\\/\",\"name\":\"Home - mariephotosgalerie\",\"isPartOf\":{\"@id\":\"https:\\\/\\\/mariephotosgalerie.com\\\/#website\"},\"primaryImageOfPage\":{\"@id\":\"https:\\\/\\\/mariephotosgalerie.com\\\/#primaryimage\"},\"image\":{\"@id\":\"https:\\\/\\\/mariephotosgalerie.com\\\/#primaryimage\"},\"thumbnailUrl\":\"https:\\\/\\\/mariephotosgalerie.com\\\/wp-content\\\/uploads\\\/2024\\\/10\\\/Couleur-du-soir.jpg\",\"datePublished\":\"2018-04-25T09:15:50+00:00\",\"dateModified\":\"2024-11-07T14:59:10+00:00\",\"breadcrumb\":{\"@id\":\"https:\\\/\\\/mariephotosgalerie.com\\\/#breadcrumb\"},\"inLanguage\":\"fr-FR\",\"potentialAction\":[{\"@type\":\"ReadAction\",\"target\":[\"https:\\\/\\\/mariephotosgalerie.com\\\/\"]}]},{\"@type\":\"ImageObject\",\"inLanguage\":\"fr-FR\",\"@id\":\"https:\\\/\\\/mariephotosgalerie.com\\\/#primaryimage\",\"url\":\"https:\\\/\\\/mariephotosgalerie.com\\\/wp-content\\\/uploads\\\/2024\\\/10\\\/Couleur-du-soir.jpg\",\"contentUrl\":\"https:\\\/\\\/mariephotosgalerie.com\\\/wp-content\\\/uploads\\\/2024\\\/10\\\/Couleur-du-soir.jpg\",\"width\":850,\"height\":850,\"caption\":\"Couleurs du soir\"},{\"@type\":\"BreadcrumbList\",\"@id\":\"https:\\\/\\\/mariephotosgalerie.com\\\/#breadcrumb\",\"itemListElement\":[{\"@type\":\"ListItem\",\"position\":1,\"name\":\"Home\",\"item\":\"https:\\\/\\\/mariephotosgalerie.com\\\/\"},{\"@type\":\"ListItem\",\"position\":2,\"name\":\"Home\"}]},{\"@type\":\"WebSite\",\"@id\":\"https:\\\/\\\/mariephotosgalerie.com\\\/#website\",\"url\":\"https:\\\/\\\/mariephotosgalerie.com\\\/\",\"name\":\"mariephotosgalerie\",\"description\":\"Ma passion la photo\",\"publisher\":{\"@id\":\"https:\\\/\\\/mariephotosgalerie.com\\\/#organization\"},\"potentialAction\":[{\"@type\":\"SearchAction\",\"target\":{\"@type\":\"EntryPoint\",\"urlTemplate\":\"https:\\\/\\\/mariephotosgalerie.com\\\/?s={search_term_string}\"},\"query-input\":{\"@type\":\"PropertyValueSpecification\",\"valueRequired\":true,\"valueName\":\"search_term_string\"}}],\"inLanguage\":\"fr-FR\"},{\"@type\":\"Organization\",\"@id\":\"https:\\\/\\\/mariephotosgalerie.com\\\/#organization\",\"name\":\"mariephotosgalerie\",\"url\":\"https:\\\/\\\/mariephotosgalerie.com\\\/\",\"logo\":{\"@type\":\"ImageObject\",\"inLanguage\":\"fr-FR\",\"@id\":\"https:\\\/\\\/mariephotosgalerie.com\\\/#\\\/schema\\\/logo\\\/image\\\/\",\"url\":\"https:\\\/\\\/mariephotosgalerie.com\\\/wp-content\\\/uploads\\\/2021\\\/02\\\/a15-copie-1024x1024.jpg\",\"contentUrl\":\"https:\\\/\\\/mariephotosgalerie.com\\\/wp-content\\\/uploads\\\/2021\\\/02\\\/a15-copie-1024x1024.jpg\",\"width\":1024,\"height\":1024,\"caption\":\"mariephotosgalerie\"},\"image\":{\"@id\":\"https:\\\/\\\/mariephotosgalerie.com\\\/#\\\/schema\\\/logo\\\/image\\\/\"},\"sameAs\":[\"https:\\\/\\\/www.facebook.com\\\/MariePhotosGalerie-1555131528071201\"]}]}<\/script>\n<!-- \/ Yoast SEO plugin. -->","yoast_head_json":{"title":"Home - mariephotosgalerie","robots":{"index":"index","follow":"follow","max-snippet":"max-snippet:-1","max-image-preview":"max-image-preview:large","max-video-preview":"max-video-preview:-1"},"canonical":"https:\/\/mariephotosgalerie.com\/","og_locale":"fr_FR","og_type":"article","og_title":"Home - mariephotosgalerie","og_description":"Marie Jeanne DORDONNAT est la propri\u00e9taire du site \u00ab\u00a0MariePhotosGalerie.com\u00ab\u00a0. SIRET 81079492500018 Ce site pr\u00e9sente un \u00e9chantillon de mes recherches et travaux dans mon univers de&hellip;","og_url":"https:\/\/mariephotosgalerie.com\/","og_site_name":"mariephotosgalerie","article_publisher":"https:\/\/www.facebook.com\/MariePhotosGalerie-1555131528071201","article_modified_time":"2024-11-07T14:59:10+00:00","og_image":[{"width":850,"height":850,"url":"https:\/\/mariephotosgalerie.com\/wp-content\/uploads\/2024\/10\/Couleur-du-soir.jpg","type":"image\/jpeg"}],"twitter_card":"summary_large_image","twitter_misc":{"Dur\u00e9e de lecture estim\u00e9e":"1 minute"},"schema":{"@context":"https:\/\/schema.org","@graph":[{"@type":"WebPage","@id":"https:\/\/mariephotosgalerie.com\/","url":"https:\/\/mariephotosgalerie.com\/","name":"Home - mariephotosgalerie","isPartOf":{"@id":"https:\/\/mariephotosgalerie.com\/#website"},"primaryImageOfPage":{"@id":"https:\/\/mariephotosgalerie.com\/#primaryimage"},"image":{"@id":"https:\/\/mariephotosgalerie.com\/#primaryimage"},"thumbnailUrl":"https:\/\/mariephotosgalerie.com\/wp-content\/uploads\/2024\/10\/Couleur-du-soir.jpg","datePublished":"2018-04-25T09:15:50+00:00","dateModified":"2024-11-07T14:59:10+00:00","breadcrumb":{"@id":"https:\/\/mariephotosgalerie.com\/#breadcrumb"},"inLanguage":"fr-FR","potentialAction":[{"@type":"ReadAction","target":["https:\/\/mariephotosgalerie.com\/"]}]},{"@type":"ImageObject","inLanguage":"fr-FR","@id":"https:\/\/mariephotosgalerie.com\/#primaryimage","url":"https:\/\/mariephotosgalerie.com\/wp-content\/uploads\/2024\/10\/Couleur-du-soir.jpg","contentUrl":"https:\/\/mariephotosgalerie.com\/wp-content\/uploads\/2024\/10\/Couleur-du-soir.jpg","width":850,"height":850,"caption":"Couleurs du soir"},{"@type":"BreadcrumbList","@id":"https:\/\/mariephotosgalerie.com\/#breadcrumb","itemListElement":[{"@type":"ListItem","position":1,"name":"Home","item":"https:\/\/mariephotosgalerie.com\/"},{"@type":"ListItem","position":2,"name":"Home"}]},{"@type":"WebSite","@id":"https:\/\/mariephotosgalerie.com\/#website","url":"https:\/\/mariephotosgalerie.com\/","name":"mariephotosgalerie","description":"Ma passion la photo","publisher":{"@id":"https:\/\/mariephotosgalerie.com\/#organization"},"potentialAction":[{"@type":"SearchAction","target":{"@type":"EntryPoint","urlTemplate":"https:\/\/mariephotosgalerie.com\/?s={search_term_string}"},"query-input":{"@type":"PropertyValueSpecification","valueRequired":true,"valueName":"search_term_string"}}],"inLanguage":"fr-FR"},{"@type":"Organization","@id":"https:\/\/mariephotosgalerie.com\/#organization","name":"mariephotosgalerie","url":"https:\/\/mariephotosgalerie.com\/","logo":{"@type":"ImageObject","inLanguage":"fr-FR","@id":"https:\/\/mariephotosgalerie.com\/#\/schema\/logo\/image\/","url":"https:\/\/mariephotosgalerie.com\/wp-content\/uploads\/2021\/02\/a15-copie-1024x1024.jpg","contentUrl":"https:\/\/mariephotosgalerie.com\/wp-content\/uploads\/2021\/02\/a15-copie-1024x1024.jpg","width":1024,"height":1024,"caption":"mariephotosgalerie"},"image":{"@id":"https:\/\/mariephotosgalerie.com\/#\/schema\/logo\/image\/"},"sameAs":["https:\/\/www.facebook.com\/MariePhotosGalerie-1555131528071201"]}]}},"jetpack_sharing_enabled":true,"_links":{"self":[{"href":"https:\/\/mariephotosgalerie.com\/index.php?rest_route=\/wp\/v2\/pages\/6","targetHints":{"allow":["GET"]}}],"collection":[{"href":"https:\/\/mariephotosgalerie.com\/index.php?rest_route=\/wp\/v2\/pages"}],"about":[{"href":"https:\/\/mariephotosgalerie.com\/index.php?rest_route=\/wp\/v2\/types\/page"}],"author":[{"embeddable":true,"href":"https:\/\/mariephotosgalerie.com\/index.php?rest_route=\/wp\/v2\/users\/1"}],"replies":[{"embeddable":true,"href":"https:\/\/mariephotosgalerie.com\/index.php?rest_route=%2Fwp%2Fv2%2Fcomments&post=6"}],"version-history":[{"count":16,"href":"https:\/\/mariephotosgalerie.com\/index.php?rest_route=\/wp\/v2\/pages\/6\/revisions"}],"predecessor-version":[{"id":840,"href":"https:\/\/mariephotosgalerie.com\/index.php?rest_route=\/wp\/v2\/pages\/6\/revisions\/840"}],"wp:featuredmedia":[{"embeddable":true,"href":"https:\/\/mariephotosgalerie.com\/index.php?rest_route=\/wp\/v2\/media\/711"}],"wp:attachment":[{"href":"https:\/\/mariephotosgalerie.com\/index.php?rest_route=%2Fwp%2Fv2%2Fmedia&parent=6"}],"curies":[{"name":"wp","href":"https:\/\/api.w.org\/{rel}","templated":true}]}}